{"id":45458,"date":"2024-05-07T02:06:49","date_gmt":"2024-05-07T02:06:49","guid":{"rendered":"https:\/\/www.kdmsteel.com\/?page_id=45458"},"modified":"2024-05-07T02:17:44","modified_gmt":"2024-05-07T02:17:44","slug":"tuv-ce-certification","status":"publish","type":"page","link":"https:\/\/www.kdmsteel.com\/pt\/certificacao-tuv-ce\/","title":{"rendered":"Certifica\u00e7\u00e3o TUV CE"},"content":{"rendered":"<p>Os gabinetes KDM obtiveram a certifica\u00e7\u00e3o TUV CE com base na EN 62208:2011 (tamb\u00e9m chamada IEC 62208:2011). Esta certifica\u00e7\u00e3o inclui o estilo de AE, ES e PS. O teste \u00e9 feito sob a conformidade da dire\u00e7\u00e3o de baixa tens\u00e3o (UE) 2014\/35. Esta certifica\u00e7\u00e3o CE demonstrou <a href=\"https:\/\/www.kdmsteel.com\/pt\/\">Gabinetes KDM<\/a> atende a todos os padr\u00f5es gerais, como seguran\u00e7a,<a href=\"https:\/\/www.kdmsteel.com\/pt\/certificacao-ip-66-do-gabinete-eletrico-kdm\/\"> Classifica\u00e7\u00e3o IP<\/a>, <a href=\"https:\/\/www.kdmsteel.com\/pt\/o-que-sao-classificacoes-ik\/\">Classifica\u00e7\u00e3o IK<\/a>, durabilidade dos regulamentos e requisitos da UE. Com este teste, os gabinetes KDM podem ostentar as marca\u00e7\u00f5es CE e podem ser vendidos em todas as regi\u00f5es da UE.<\/p>\n<div class=\"text-center\"><embed src=\"\/wp-content\/uploads\/2024\/05\/TUV-CE.pdf\" width=\"900\" height=\"1100px\"><\/embed><\/div>\n<div class=\"text-center paddTop20\"><b>Certifica\u00e7\u00e3o ISO KDM<\/b><\/div>","protected":false},"excerpt":{"rendered":"<p>KDM enclosures have got the TUV CE certification based on EN 62208:2011(also named IEC 62208:2011). This certification includes the style of AE, ES and PS. The testing is done under the conformity of low voltage direction (EU) 2014\/35. This CE certification has shown KDM enclosures meets all general standards, such safety, IP rating, IK rating, [&hellip;]<\/p>\n","protected":false},"author":1,"featured_media":0,"parent":0,"menu_order":0,"comment_status":"closed","ping_status":"closed","template":"","meta":{"_acf_changed":false,"site-sidebar-layout":"default","site-content-layout":"","ast-site-content-layout":"default","site-content-style":"default","site-sidebar-style":"default","ast-global-header-display":"","ast-banner-title-visibility":"","ast-main-header-display":"","ast-hfb-above-header-display":"","ast-hfb-below-header-display":"","ast-hfb-mobile-header-display":"","site-post-title":"","ast-breadcrumbs-content":"","ast-featured-img":"","footer-sml-layout":"","ast-disable-related-posts":"","theme-transparent-header-meta":"default","adv-header-id-meta":"","stick-header-meta":"default","header-above-stick-meta":"","header-main-stick-meta":"","header-below-stick-meta":"","astra-migrate-meta-layouts":"set","ast-page-background-enabled":"default","ast-page-background-meta":{"desktop":{"background-color":"","background-image":"","background-repeat":"repeat","background-position":"center center","background-size":"auto","background-attachment":"scroll","background-type":"","background-media":"","overlay-type":"","overlay-color":"","overlay-opacity":"","overlay-gradient":""},"tablet":{"background-color":"","background-image":"","background-repeat":"repeat","background-position":"center center","background-size":"auto","background-attachment":"scroll","background-type":"","background-media":"","overlay-type":"","overlay-color":"","overlay-opacity":"","overlay-gradient":""},"mobile":{"background-color":"","background-image":"","background-repeat":"repeat","background-position":"center center","background-size":"auto","background-attachment":"scroll","background-type":"","background-media":"","overlay-type":"","overlay-color":"","overlay-opacity":"","overlay-gradient":""}},"ast-content-background-meta":{"desktop":{"background-color":"var(--ast-global-color-5)","background-image":"","background-repeat":"repeat","background-position":"center center","background-size":"auto","background-attachment":"scroll","background-type":"","background-media":"","overlay-type":"","overlay-color":"","overlay-opacity":"","overlay-gradient":""},"tablet":{"background-color":"var(--ast-global-color-5)","background-image":"","background-repeat":"repeat","background-position":"center center","background-size":"auto","background-attachment":"scroll","background-type":"","background-media":"","overlay-type":"","overlay-color":"","overlay-opacity":"","overlay-gradient":""},"mobile":{"background-color":"var(--ast-global-color-5)","background-image":"","background-repeat":"repeat","background-position":"center center","background-size":"auto","background-attachment":"scroll","background-type":"","background-media":"","overlay-type":"","overlay-color":"","overlay-opacity":"","overlay-gradient":""}},"footnotes":""},"class_list":["post-45458","page","type-page","status-publish","hentry"],"acf":[],"yoast_head":"<!-- This site is optimized with the Yoast SEO plugin v27.5 - https:\/\/yoast.com\/product\/yoast-seo-wordpress\/ -->\n<title>TUV CE Certification - KDM Steel<\/title>\n<meta name=\"robots\" content=\"index, follow, max-snippet:-1, max-image-preview:large, max-video-preview:-1\" \/>\n<link rel=\"canonical\" href=\"https:\/\/www.kdmsteel.com\/pt\/certificacao-tuv-ce\/\" \/>\n<meta property=\"og:locale\" content=\"pt_PT\" \/>\n<meta property=\"og:type\" content=\"article\" \/>\n<meta property=\"og:title\" content=\"TUV CE Certification - KDM Steel\" \/>\n<meta property=\"og:description\" content=\"KDM enclosures have got the TUV CE certification based on EN 62208:2011(also named IEC 62208:2011). This certification includes the style of AE, ES and PS. The testing is done under the conformity of low voltage direction (EU) 2014\/35. This CE certification has shown KDM enclosures meets all general standards, such safety, IP rating, IK rating, [&hellip;]\" \/>\n<meta property=\"og:url\" content=\"https:\/\/www.kdmsteel.com\/pt\/certificacao-tuv-ce\/\" \/>\n<meta property=\"og:site_name\" content=\"KDM Steel\" \/>\n<meta property=\"article:modified_time\" content=\"2024-05-07T02:17:44+00:00\" \/>\n<meta name=\"twitter:card\" content=\"summary_large_image\" \/>\n<meta name=\"twitter:label1\" content=\"Tempo estimado de leitura\" \/>\n\t<meta name=\"twitter:data1\" content=\"1 minuto\" \/>\n<script type=\"application\/ld+json\" class=\"yoast-schema-graph\">{\"@context\":\"https:\\\/\\\/schema.org\",\"@graph\":[{\"@type\":\"WebPage\",\"@id\":\"https:\\\/\\\/www.kdmsteel.com\\\/tuv-ce-certification\\\/\",\"url\":\"https:\\\/\\\/www.kdmsteel.com\\\/tuv-ce-certification\\\/\",\"name\":\"TUV CE Certification - KDM Steel\",\"isPartOf\":{\"@id\":\"https:\\\/\\\/www.kdmsteel.com\\\/#website\"},\"datePublished\":\"2024-05-07T02:06:49+00:00\",\"dateModified\":\"2024-05-07T02:17:44+00:00\",\"breadcrumb\":{\"@id\":\"https:\\\/\\\/www.kdmsteel.com\\\/tuv-ce-certification\\\/#breadcrumb\"},\"inLanguage\":\"pt-PT\",\"potentialAction\":[{\"@type\":\"ReadAction\",\"target\":[\"https:\\\/\\\/www.kdmsteel.com\\\/tuv-ce-certification\\\/\"]}]},{\"@type\":\"BreadcrumbList\",\"@id\":\"https:\\\/\\\/www.kdmsteel.com\\\/tuv-ce-certification\\\/#breadcrumb\",\"itemListElement\":[{\"@type\":\"ListItem\",\"position\":1,\"name\":\"Home\",\"item\":\"https:\\\/\\\/www.kdmsteel.com\\\/\"},{\"@type\":\"ListItem\",\"position\":2,\"name\":\"TUV CE Certification\"}]},{\"@type\":\"WebSite\",\"@id\":\"https:\\\/\\\/www.kdmsteel.com\\\/#website\",\"url\":\"https:\\\/\\\/www.kdmsteel.com\\\/\",\"name\":\"KDM Steel\",\"description\":\"\",\"publisher\":{\"@id\":\"https:\\\/\\\/www.kdmsteel.com\\\/#organization\"},\"potentialAction\":[{\"@type\":\"SearchAction\",\"target\":{\"@type\":\"EntryPoint\",\"urlTemplate\":\"https:\\\/\\\/www.kdmsteel.com\\\/?s={search_term_string}\"},\"query-input\":{\"@type\":\"PropertyValueSpecification\",\"valueRequired\":true,\"valueName\":\"search_term_string\"}}],\"inLanguage\":\"pt-PT\"},{\"@type\":\"Organization\",\"@id\":\"https:\\\/\\\/www.kdmsteel.com\\\/#organization\",\"name\":\"KDM Steel\",\"url\":\"https:\\\/\\\/www.kdmsteel.com\\\/\",\"logo\":{\"@type\":\"ImageObject\",\"inLanguage\":\"pt-PT\",\"@id\":\"https:\\\/\\\/www.kdmsteel.com\\\/#\\\/schema\\\/logo\\\/image\\\/\",\"url\":\"https:\\\/\\\/www.kdmsteel.com\\\/wp-content\\\/uploads\\\/2024\\\/05\\\/cropped-kdmsteel-logo.png\",\"contentUrl\":\"https:\\\/\\\/www.kdmsteel.com\\\/wp-content\\\/uploads\\\/2024\\\/05\\\/cropped-kdmsteel-logo.png\",\"width\":998,\"height\":535,\"caption\":\"KDM Steel\"},\"image\":{\"@id\":\"https:\\\/\\\/www.kdmsteel.com\\\/#\\\/schema\\\/logo\\\/image\\\/\"}}]}<\/script>\n<!-- \/ Yoast SEO plugin. -->","yoast_head_json":{"title":"Certifica\u00e7\u00e3o TUV CE - A\u00e7o KDM","robots":{"index":"index","follow":"follow","max-snippet":"max-snippet:-1","max-image-preview":"max-image-preview:large","max-video-preview":"max-video-preview:-1"},"canonical":"https:\/\/www.kdmsteel.com\/pt\/certificacao-tuv-ce\/","og_locale":"pt_PT","og_type":"article","og_title":"TUV CE Certification - KDM Steel","og_description":"KDM enclosures have got the TUV CE certification based on EN 62208:2011(also named IEC 62208:2011). This certification includes the style of AE, ES and PS. The testing is done under the conformity of low voltage direction (EU) 2014\/35. This CE certification has shown KDM enclosures meets all general standards, such safety, IP rating, IK rating, [&hellip;]","og_url":"https:\/\/www.kdmsteel.com\/pt\/certificacao-tuv-ce\/","og_site_name":"KDM Steel","article_modified_time":"2024-05-07T02:17:44+00:00","twitter_card":"summary_large_image","twitter_misc":{"Tempo estimado de leitura":"1 minuto"},"schema":{"@context":"https:\/\/schema.org","@graph":[{"@type":"WebPage","@id":"https:\/\/www.kdmsteel.com\/tuv-ce-certification\/","url":"https:\/\/www.kdmsteel.com\/tuv-ce-certification\/","name":"Certifica\u00e7\u00e3o TUV CE - A\u00e7o KDM","isPartOf":{"@id":"https:\/\/www.kdmsteel.com\/#website"},"datePublished":"2024-05-07T02:06:49+00:00","dateModified":"2024-05-07T02:17:44+00:00","breadcrumb":{"@id":"https:\/\/www.kdmsteel.com\/tuv-ce-certification\/#breadcrumb"},"inLanguage":"pt-PT","potentialAction":[{"@type":"ReadAction","target":["https:\/\/www.kdmsteel.com\/tuv-ce-certification\/"]}]},{"@type":"BreadcrumbList","@id":"https:\/\/www.kdmsteel.com\/tuv-ce-certification\/#breadcrumb","itemListElement":[{"@type":"ListItem","position":1,"name":"Home","item":"https:\/\/www.kdmsteel.com\/"},{"@type":"ListItem","position":2,"name":"TUV CE Certification"}]},{"@type":"WebSite","@id":"https:\/\/www.kdmsteel.com\/#website","url":"https:\/\/www.kdmsteel.com\/","name":"A\u00e7o KDM","description":"","publisher":{"@id":"https:\/\/www.kdmsteel.com\/#organization"},"potentialAction":[{"@type":"SearchAction","target":{"@type":"EntryPoint","urlTemplate":"https:\/\/www.kdmsteel.com\/?s={search_term_string}"},"query-input":{"@type":"PropertyValueSpecification","valueRequired":true,"valueName":"search_term_string"}}],"inLanguage":"pt-PT"},{"@type":"Organization","@id":"https:\/\/www.kdmsteel.com\/#organization","name":"A\u00e7o KDM","url":"https:\/\/www.kdmsteel.com\/","logo":{"@type":"ImageObject","inLanguage":"pt-PT","@id":"https:\/\/www.kdmsteel.com\/#\/schema\/logo\/image\/","url":"https:\/\/www.kdmsteel.com\/wp-content\/uploads\/2024\/05\/cropped-kdmsteel-logo.png","contentUrl":"https:\/\/www.kdmsteel.com\/wp-content\/uploads\/2024\/05\/cropped-kdmsteel-logo.png","width":998,"height":535,"caption":"KDM Steel"},"image":{"@id":"https:\/\/www.kdmsteel.com\/#\/schema\/logo\/image\/"}}]}},"_links":{"self":[{"href":"https:\/\/www.kdmsteel.com\/pt\/wp-json\/wp\/v2\/pages\/45458","targetHints":{"allow":["GET"]}}],"collection":[{"href":"https:\/\/www.kdmsteel.com\/pt\/wp-json\/wp\/v2\/pages"}],"about":[{"href":"https:\/\/www.kdmsteel.com\/pt\/wp-json\/wp\/v2\/types\/page"}],"author":[{"embeddable":true,"href":"https:\/\/www.kdmsteel.com\/pt\/wp-json\/wp\/v2\/users\/1"}],"replies":[{"embeddable":true,"href":"https:\/\/www.kdmsteel.com\/pt\/wp-json\/wp\/v2\/comments?post=45458"}],"version-history":[{"count":7,"href":"https:\/\/www.kdmsteel.com\/pt\/wp-json\/wp\/v2\/pages\/45458\/revisions"}],"predecessor-version":[{"id":45467,"href":"https:\/\/www.kdmsteel.com\/pt\/wp-json\/wp\/v2\/pages\/45458\/revisions\/45467"}],"wp:attachment":[{"href":"https:\/\/www.kdmsteel.com\/pt\/wp-json\/wp\/v2\/media?parent=45458"}],"curies":[{"name":"wp","href":"https:\/\/api.w.org\/{rel}","templated":true}]}}