{"id":1032,"date":"2019-05-06T05:52:43","date_gmt":"2019-05-06T05:52:43","guid":{"rendered":"http:\/\/www.kdmsteel.com\/?page_id=1032"},"modified":"2021-08-20T09:51:35","modified_gmt":"2021-08-20T09:51:35","slug":"about-us","status":"publish","type":"page","link":"https:\/\/www.kdmsteel.com\/pt\/sobre-nos\/","title":{"rendered":"Sobre n\u00f3s"},"content":{"rendered":"<h2>1. Sobre o KDM<\/h2>\n<p><span style=\"font-weight: 400;\">A KDM Steel \u00e9 uma fornecedora l\u00edder de gabinetes el\u00e9tricos. Constru\u00edmos nossa experi\u00eancia por meio de tentativa e erro, levando nossas habilidades de fabrica\u00e7\u00e3o ao topo do jogo por mais de 10 anos.<\/span><\/p>\n<p><span style=\"font-weight: 400;\">Agora, o KDM Steel \u00e9 a escolha #1 quando se trata de gabinetes el\u00e9tricos e n\u00e3o temos medo de afirmar isso em voz alta. <\/span><\/p>\n<p><strong>Por que?<\/strong><\/p>\n<ol>\n<li style=\"font-weight: 400;\"><span style=\"font-weight: 400;\">Nosso cat\u00e1logo tem 20 categorias de produtos tanto para fins c\u00edvicos quanto industriais. Simplesmente n\u00e3o h\u00e1 demanda que n\u00e3o possamos atender.<\/span><\/li>\n<li style=\"font-weight: 400;\"><span style=\"font-weight: 400;\">Oferecemos uma op\u00e7\u00e3o de design personalizado: podemos entregar um desenho 2D ou 3D em 1 dia e uma amostra pronta em 3 dias. Voc\u00ea pode at\u00e9 nos fornecer seu pr\u00f3prio design.<\/span><\/li>\n<li style=\"font-weight: 400;\"><span style=\"font-weight: 400;\">Usamos t\u00e9cnicas exclusivas para entregar a voc\u00ea os melhores produtos (por exemplo, forjamento a quente, galvanoplastia, fundi\u00e7\u00e3o em areia e assim por diante). Voc\u00ea escolhe \u2013 n\u00f3s fazemos.<\/span><\/li>\n<li style=\"font-weight: 400;\"><span style=\"font-weight: 400;\">Nossos engenheiros usam as mat\u00e9rias-primas mais robustas e dur\u00e1veis durante a produ\u00e7\u00e3o.<\/span><\/li>\n<li style=\"font-weight: 400;\"><span style=\"font-weight: 400;\">A KDM Steel \u00e9 uma empresa certificada pela ISO 9001 que opera sob rigorosas regras de padroniza\u00e7\u00e3o europeias.<\/span><\/li>\n<li style=\"font-weight: 400;\"><span style=\"font-weight: 400;\">Nossos gabinetes possuem \u00edndice IP66, o que significa que s\u00e3o altamente protegidos contra v\u00e1rios objetos que podem causar danos ao equipamento (como poeira e umidade).<\/span><\/li>\n<\/ol>\n<p>&nbsp;<\/p>\n<p><span style=\"font-weight: 400;\">Essas seis caracter\u00edsticas principais fizeram com que a KDM Steel estivesse um passo \u00e0 frente e 60 cent\u00edmetros mais alta em compara\u00e7\u00e3o com nossos concorrentes diretos.<\/span><\/p>\n<h2>2. Instala\u00e7\u00e3o da empresa<\/h2>\n<p>Com mais de 3.000 metros quadrados, a KDM possui m\u00e1quinas de corte a laser \u00f3ptico de 3.000 W, puncionadeiras de controle num\u00e9rico de posicionamento de 32 posi\u00e7\u00f5es, dobradeiras Yawei, m\u00e1quinas de espuma de PU de alta velocidade e precis\u00e3o, plataformas de soldagem flex\u00edveis 3D e m\u00e1quinas de soldagem Panasonic, al\u00e9m de m\u00e1quinas de detec\u00e7\u00e3o, como medidores de cor e medidores de espessura de filme.<\/p>\n<h2>3. Honra da empresa<\/h2>\n<p>Com o princ\u00edpio de \u201cqualidade em primeiro lugar, prioridade de servi\u00e7o\u201d, a KDM passou pela ISO9001 com verifica\u00e7\u00e3o de qualidade para cada etapa. Al\u00e9m disso, a KDM obteve os certificados \u00e0 prova de \u00e1gua e poeira IP55,<a href=\"https:\/\/www.kdmsteel.com\/pt\/gabinete-ip65\/\"> IP65<\/a>, e IP66.<\/p>\n<p>Por meio da coopera\u00e7\u00e3o com clientes estrangeiros, a KDM ganhou 4 patentes nacionais de inven\u00e7\u00e3o e mais de 50 patentes pr\u00e1ticas. A empresa tamb\u00e9m recebeu uma s\u00e9rie de outras honrarias, como Technology Oriented Private Company of Jiangsu Province, National High Tech Enterprise.<\/p>\n<h2>4. Sonho da empresa<\/h2>\n<p>A KDM se destaca das multid\u00f5es da ind\u00fastria de fabrica\u00e7\u00e3o de chapas met\u00e1licas ao organizar a nova tecnologia, grandes talentos, excelente sistema de gest\u00e3o em todos os tipos de projetos. Com percep\u00e7\u00e3o agu\u00e7ada e tecnologia de n\u00facleo avan\u00e7ada, a KDM tamb\u00e9m entra proativamente na ind\u00fastria espec\u00edfica e agarra a fatia de mercado. Com base na manuten\u00e7\u00e3o da estabilidade dos talentos atuais, a KDM recrutar\u00e1 mais novos t\u00e9cnicos com tecnologia avan\u00e7ada para levar toda a empresa a um novo e mais alto n\u00edvel. Por fim, a KDM se livrar\u00e1 do sistema de gest\u00e3o desatualizado e construir\u00e1 um mecanismo moderno, incluindo sistema de recompensa e puni\u00e7\u00e3o aprimorado, ambiente de trabalho limpo e organizado para garantir a felicidade e a seguran\u00e7a de todos os trabalhadores.<\/p>","protected":false},"excerpt":{"rendered":"<p>1. About KDM KDM Steel is a leading supplier of electrical enclosures. We have built our experience through trial and error, pushing our manufacturing skills to the top of the game for more than 10 years. Now, KDM Steel is the #1 choice when it comes to electrical enclosures and we are not afraid to [&hellip;]<\/p>\n","protected":false},"author":1,"featured_media":0,"parent":0,"menu_order":0,"comment_status":"closed","ping_status":"closed","template":"","meta":{"_acf_changed":false,"site-sidebar-layout":"default","site-content-layout":"default","ast-site-content-layout":"default","site-content-style":"default","site-sidebar-style":"default","ast-global-header-display":"","ast-banner-title-visibility":"","ast-main-header-display":"","ast-hfb-above-header-display":"","ast-hfb-below-header-display":"","ast-hfb-mobile-header-display":"","site-post-title":"disabled","ast-breadcrumbs-content":"","ast-featured-img":"disabled","footer-sml-layout":"","ast-disable-related-posts":"","theme-transparent-header-meta":"default","adv-header-id-meta":null,"stick-header-meta":"default","header-above-stick-meta":null,"header-main-stick-meta":"","header-below-stick-meta":null,"astra-migrate-meta-layouts":"default","ast-page-background-enabled":"default","ast-page-background-meta":{"desktop":{"background-color":"","background-image":"","background-repeat":"repeat","background-position":"center center","background-size":"auto","background-attachment":"scroll","background-type":"","background-media":"","overlay-type":"","overlay-color":"","overlay-opacity":"","overlay-gradient":""},"tablet":{"background-color":"","background-image":"","background-repeat":"repeat","background-position":"center center","background-size":"auto","background-attachment":"scroll","background-type":"","background-media":"","overlay-type":"","overlay-color":"","overlay-opacity":"","overlay-gradient":""},"mobile":{"background-color":"","background-image":"","background-repeat":"repeat","background-position":"center center","background-size":"auto","background-attachment":"scroll","background-type":"","background-media":"","overlay-type":"","overlay-color":"","overlay-opacity":"","overlay-gradient":""}},"ast-content-background-meta":{"desktop":{"background-color":"var(--ast-global-color-5)","background-image":"","background-repeat":"repeat","background-position":"center center","background-size":"auto","background-attachment":"scroll","background-type":"","background-media":"","overlay-type":"","overlay-color":"","overlay-opacity":"","overlay-gradient":""},"tablet":{"background-color":"var(--ast-global-color-5)","background-image":"","background-repeat":"repeat","background-position":"center center","background-size":"auto","background-attachment":"scroll","background-type":"","background-media":"","overlay-type":"","overlay-color":"","overlay-opacity":"","overlay-gradient":""},"mobile":{"background-color":"var(--ast-global-color-5)","background-image":"","background-repeat":"repeat","background-position":"center center","background-size":"auto","background-attachment":"scroll","background-type":"","background-media":"","overlay-type":"","overlay-color":"","overlay-opacity":"","overlay-gradient":""}},"footnotes":""},"class_list":["post-1032","page","type-page","status-publish","hentry"],"acf":[],"yoast_head":"<!-- This site is optimized with the Yoast SEO plugin v27.5 - https:\/\/yoast.com\/product\/yoast-seo-wordpress\/ -->\n<title>About us - KDM Steel<\/title>\n<meta name=\"robots\" content=\"index, follow, max-snippet:-1, max-image-preview:large, max-video-preview:-1\" \/>\n<link rel=\"canonical\" href=\"https:\/\/www.kdmsteel.com\/pt\/sobre-nos\/\" \/>\n<meta property=\"og:locale\" content=\"pt_PT\" \/>\n<meta property=\"og:type\" content=\"article\" \/>\n<meta property=\"og:title\" content=\"About us - KDM Steel\" \/>\n<meta property=\"og:description\" content=\"1. About KDM KDM Steel is a leading supplier of electrical enclosures. We have built our experience through trial and error, pushing our manufacturing skills to the top of the game for more than 10 years. Now, KDM Steel is the #1 choice when it comes to electrical enclosures and we are not afraid to [&hellip;]\" \/>\n<meta property=\"og:url\" content=\"https:\/\/www.kdmsteel.com\/pt\/sobre-nos\/\" \/>\n<meta property=\"og:site_name\" content=\"KDM Steel\" \/>\n<meta property=\"article:modified_time\" content=\"2021-08-20T09:51:35+00:00\" \/>\n<meta name=\"twitter:card\" content=\"summary_large_image\" \/>\n<meta name=\"twitter:label1\" content=\"Tempo estimado de leitura\" \/>\n\t<meta name=\"twitter:data1\" content=\"2 minutos\" \/>\n<script type=\"application\/ld+json\" class=\"yoast-schema-graph\">{\"@context\":\"https:\\\/\\\/schema.org\",\"@graph\":[{\"@type\":\"WebPage\",\"@id\":\"https:\\\/\\\/www.kdmsteel.com\\\/about-us\\\/\",\"url\":\"https:\\\/\\\/www.kdmsteel.com\\\/about-us\\\/\",\"name\":\"About us - KDM Steel\",\"isPartOf\":{\"@id\":\"https:\\\/\\\/www.kdmsteel.com\\\/#website\"},\"datePublished\":\"2019-05-06T05:52:43+00:00\",\"dateModified\":\"2021-08-20T09:51:35+00:00\",\"breadcrumb\":{\"@id\":\"https:\\\/\\\/www.kdmsteel.com\\\/about-us\\\/#breadcrumb\"},\"inLanguage\":\"pt-PT\",\"potentialAction\":[{\"@type\":\"ReadAction\",\"target\":[\"https:\\\/\\\/www.kdmsteel.com\\\/about-us\\\/\"]}]},{\"@type\":\"BreadcrumbList\",\"@id\":\"https:\\\/\\\/www.kdmsteel.com\\\/about-us\\\/#breadcrumb\",\"itemListElement\":[{\"@type\":\"ListItem\",\"position\":1,\"name\":\"Home\",\"item\":\"https:\\\/\\\/www.kdmsteel.com\\\/\"},{\"@type\":\"ListItem\",\"position\":2,\"name\":\"About us\"}]},{\"@type\":\"WebSite\",\"@id\":\"https:\\\/\\\/www.kdmsteel.com\\\/#website\",\"url\":\"https:\\\/\\\/www.kdmsteel.com\\\/\",\"name\":\"KDM Steel\",\"description\":\"\",\"publisher\":{\"@id\":\"https:\\\/\\\/www.kdmsteel.com\\\/#organization\"},\"potentialAction\":[{\"@type\":\"SearchAction\",\"target\":{\"@type\":\"EntryPoint\",\"urlTemplate\":\"https:\\\/\\\/www.kdmsteel.com\\\/?s={search_term_string}\"},\"query-input\":{\"@type\":\"PropertyValueSpecification\",\"valueRequired\":true,\"valueName\":\"search_term_string\"}}],\"inLanguage\":\"pt-PT\"},{\"@type\":\"Organization\",\"@id\":\"https:\\\/\\\/www.kdmsteel.com\\\/#organization\",\"name\":\"KDM Steel\",\"url\":\"https:\\\/\\\/www.kdmsteel.com\\\/\",\"logo\":{\"@type\":\"ImageObject\",\"inLanguage\":\"pt-PT\",\"@id\":\"https:\\\/\\\/www.kdmsteel.com\\\/#\\\/schema\\\/logo\\\/image\\\/\",\"url\":\"https:\\\/\\\/www.kdmsteel.com\\\/wp-content\\\/uploads\\\/2024\\\/05\\\/cropped-kdmsteel-logo.png\",\"contentUrl\":\"https:\\\/\\\/www.kdmsteel.com\\\/wp-content\\\/uploads\\\/2024\\\/05\\\/cropped-kdmsteel-logo.png\",\"width\":998,\"height\":535,\"caption\":\"KDM Steel\"},\"image\":{\"@id\":\"https:\\\/\\\/www.kdmsteel.com\\\/#\\\/schema\\\/logo\\\/image\\\/\"}}]}<\/script>\n<!-- \/ Yoast SEO plugin. -->","yoast_head_json":{"title":"Sobre n\u00f3s - KDM Steel","robots":{"index":"index","follow":"follow","max-snippet":"max-snippet:-1","max-image-preview":"max-image-preview:large","max-video-preview":"max-video-preview:-1"},"canonical":"https:\/\/www.kdmsteel.com\/pt\/sobre-nos\/","og_locale":"pt_PT","og_type":"article","og_title":"About us - KDM Steel","og_description":"1. About KDM KDM Steel is a leading supplier of electrical enclosures. We have built our experience through trial and error, pushing our manufacturing skills to the top of the game for more than 10 years. Now, KDM Steel is the #1 choice when it comes to electrical enclosures and we are not afraid to [&hellip;]","og_url":"https:\/\/www.kdmsteel.com\/pt\/sobre-nos\/","og_site_name":"KDM Steel","article_modified_time":"2021-08-20T09:51:35+00:00","twitter_card":"summary_large_image","twitter_misc":{"Tempo estimado de leitura":"2 minutos"},"schema":{"@context":"https:\/\/schema.org","@graph":[{"@type":"WebPage","@id":"https:\/\/www.kdmsteel.com\/about-us\/","url":"https:\/\/www.kdmsteel.com\/about-us\/","name":"Sobre n\u00f3s - KDM Steel","isPartOf":{"@id":"https:\/\/www.kdmsteel.com\/#website"},"datePublished":"2019-05-06T05:52:43+00:00","dateModified":"2021-08-20T09:51:35+00:00","breadcrumb":{"@id":"https:\/\/www.kdmsteel.com\/about-us\/#breadcrumb"},"inLanguage":"pt-PT","potentialAction":[{"@type":"ReadAction","target":["https:\/\/www.kdmsteel.com\/about-us\/"]}]},{"@type":"BreadcrumbList","@id":"https:\/\/www.kdmsteel.com\/about-us\/#breadcrumb","itemListElement":[{"@type":"ListItem","position":1,"name":"Home","item":"https:\/\/www.kdmsteel.com\/"},{"@type":"ListItem","position":2,"name":"About us"}]},{"@type":"WebSite","@id":"https:\/\/www.kdmsteel.com\/#website","url":"https:\/\/www.kdmsteel.com\/","name":"A\u00e7o KDM","description":"","publisher":{"@id":"https:\/\/www.kdmsteel.com\/#organization"},"potentialAction":[{"@type":"SearchAction","target":{"@type":"EntryPoint","urlTemplate":"https:\/\/www.kdmsteel.com\/?s={search_term_string}"},"query-input":{"@type":"PropertyValueSpecification","valueRequired":true,"valueName":"search_term_string"}}],"inLanguage":"pt-PT"},{"@type":"Organization","@id":"https:\/\/www.kdmsteel.com\/#organization","name":"A\u00e7o KDM","url":"https:\/\/www.kdmsteel.com\/","logo":{"@type":"ImageObject","inLanguage":"pt-PT","@id":"https:\/\/www.kdmsteel.com\/#\/schema\/logo\/image\/","url":"https:\/\/www.kdmsteel.com\/wp-content\/uploads\/2024\/05\/cropped-kdmsteel-logo.png","contentUrl":"https:\/\/www.kdmsteel.com\/wp-content\/uploads\/2024\/05\/cropped-kdmsteel-logo.png","width":998,"height":535,"caption":"KDM Steel"},"image":{"@id":"https:\/\/www.kdmsteel.com\/#\/schema\/logo\/image\/"}}]}},"_links":{"self":[{"href":"https:\/\/www.kdmsteel.com\/pt\/wp-json\/wp\/v2\/pages\/1032","targetHints":{"allow":["GET"]}}],"collection":[{"href":"https:\/\/www.kdmsteel.com\/pt\/wp-json\/wp\/v2\/pages"}],"about":[{"href":"https:\/\/www.kdmsteel.com\/pt\/wp-json\/wp\/v2\/types\/page"}],"author":[{"embeddable":true,"href":"https:\/\/www.kdmsteel.com\/pt\/wp-json\/wp\/v2\/users\/1"}],"replies":[{"embeddable":true,"href":"https:\/\/www.kdmsteel.com\/pt\/wp-json\/wp\/v2\/comments?post=1032"}],"version-history":[{"count":0,"href":"https:\/\/www.kdmsteel.com\/pt\/wp-json\/wp\/v2\/pages\/1032\/revisions"}],"wp:attachment":[{"href":"https:\/\/www.kdmsteel.com\/pt\/wp-json\/wp\/v2\/media?parent=1032"}],"curies":[{"name":"wp","href":"https:\/\/api.w.org\/{rel}","templated":true}]}}