{"id":1032,"date":"2019-05-06T05:52:43","date_gmt":"2019-05-06T05:52:43","guid":{"rendered":"http:\/\/www.kdmsteel.com\/?page_id=1032"},"modified":"2021-08-20T09:51:35","modified_gmt":"2021-08-20T09:51:35","slug":"about-us","status":"publish","type":"page","link":"https:\/\/www.kdmsteel.com\/fr\/a-propos-de-nous\/","title":{"rendered":"\u00c0 propos de nous"},"content":{"rendered":"<h2>1. \u00c0 propos de KDM<\/h2>\n<p><span style=\"font-weight: 400;\">KDM Steel est un fournisseur leader de bo\u00eetiers \u00e9lectriques. Nous avons b\u00e2ti notre exp\u00e9rience par essais et erreurs, poussant nos comp\u00e9tences de fabrication au sommet depuis plus de 10 ans.<\/span><\/p>\n<p><span style=\"font-weight: 400;\">D\u00e9sormais, KDM Steel est le choix #1 en mati\u00e8re de bo\u00eetiers \u00e9lectriques et nous n\u2019avons pas peur de le dire \u00e0 haute voix. <\/span><\/p>\n<p><strong>Pourquoi?<\/strong><\/p>\n<ol>\n<li style=\"font-weight: 400;\"><span style=\"font-weight: 400;\">Notre catalogue comprend 20 cat\u00e9gories de produits \u00e0 usage civil et industriel. Il n&#039;existe aucune demande que nous ne puissions satisfaire.<\/span><\/li>\n<li style=\"font-weight: 400;\"><span style=\"font-weight: 400;\">Nous proposons une option de conception personnalis\u00e9e : nous pouvons livrer un dessin 2D ou 3D en 1 jour et un \u00e9chantillon pr\u00eat \u00e0 l&#039;emploi en 3 jours. Vous pouvez m\u00eame nous fournir votre propre design.<\/span><\/li>\n<li style=\"font-weight: 400;\"><span style=\"font-weight: 400;\">Nous utilisons des techniques uniques pour vous offrir les meilleurs produits (par exemple, forgeage \u00e0 chaud, placage, moulage au sable, etc.). Vous le demandez, nous le faisons.<\/span><\/li>\n<li style=\"font-weight: 400;\"><span style=\"font-weight: 400;\">Nos ing\u00e9nieurs utilisent les mati\u00e8res premi\u00e8res les plus robustes et les plus durables lors de la production.<\/span><\/li>\n<li style=\"font-weight: 400;\"><span style=\"font-weight: 400;\">KDM Steel est une entreprise certifi\u00e9e ISO 9001 qui op\u00e8re selon des r\u00e8gles strictes de normalisation europ\u00e9enne.<\/span><\/li>\n<li style=\"font-weight: 400;\"><span style=\"font-weight: 400;\">Nos bo\u00eetiers ont un indice IP66, ce qui signifie qu&#039;ils sont hautement prot\u00e9g\u00e9s contre divers objets pouvant endommager les \u00e9quipements (comme la poussi\u00e8re et l&#039;humidit\u00e9).<\/span><\/li>\n<\/ol>\n<p>&nbsp;<\/p>\n<p><span style=\"font-weight: 400;\">Ces six caract\u00e9ristiques cl\u00e9s ont permis \u00e0 KDM Steel d&#039;avoir une longueur d&#039;avance et de se situer \u00e0 deux pieds au-dessus de nos concurrents directs.<\/span><\/p>\n<h2>2. Installations de l&#039;entreprise<\/h2>\n<p>Couvrant plus de 3000 m\u00e8tres carr\u00e9s, KDM poss\u00e8de des machines de d\u00e9coupe laser optique de 3000 W, 32 poin\u00e7onneuses \u00e0 commande num\u00e9rique de positionnement, des cintreuses Yawei, des machines de moussage PU \u00e0 grande vitesse et de pr\u00e9cision, des plates-formes de soudage flexibles 3D et des machines de soudage Panasonic, ainsi que des machines de d\u00e9tection telles qu&#039;un colorim\u00e8tre et une jauge d&#039;\u00e9paisseur de film.<\/p>\n<h2>3. Honneur de l&#039;entreprise<\/h2>\n<p>Avec le principe de \u00ab la qualit\u00e9 avant tout, le service avant tout \u00bb, KDM a obtenu la certification ISO9001 avec un contr\u00f4le de qualit\u00e9 \u00e0 chaque \u00e9tape. De plus, KDM a obtenu les certificats d&#039;\u00e9tanch\u00e9it\u00e9 \u00e0 l&#039;eau et \u00e0 la poussi\u00e8re IP55,<a href=\"https:\/\/www.kdmsteel.com\/fr\/boitier-ip65\/\"> IP65<\/a>, et IP66.<\/p>\n<p>Gr\u00e2ce \u00e0 la coop\u00e9ration avec des clients \u00e9trangers, KDM a remport\u00e9 4 brevets d&#039;invention nationaux et plus de 50 brevets pratiques. L&#039;entreprise a \u00e9galement re\u00e7u une s\u00e9rie d&#039;autres distinctions, telles que la soci\u00e9t\u00e9 priv\u00e9e \u00e0 vocation technologique de la province du Jiangsu et l&#039;entreprise nationale de haute technologie.<\/p>\n<h2>4. R\u00eave d&#039;entreprise<\/h2>\n<p>KDM se d\u00e9marque de la foule de l&#039;industrie de la fabrication de t\u00f4les en organisant la nouvelle technologie, de grands talents, un excellent syst\u00e8me de gestion dans tous les types de projets. Avec une perception ac\u00e9r\u00e9e et une technologie de base avanc\u00e9e, KDM p\u00e9n\u00e8tre \u00e9galement de mani\u00e8re proactive dans l&#039;industrie sp\u00e9cifique et saisit la part de march\u00e9. Sur la base du maintien de la stabilit\u00e9 des talents actuels, KDM recrutera davantage de nouveaux techniciens dot\u00e9s d&#039;une technologie de pointe pour amener l&#039;ensemble de l&#039;entreprise \u00e0 une nouvelle \u00e9tape plus \u00e9lev\u00e9e. Enfin, KDM se d\u00e9barrassera du syst\u00e8me de gestion obsol\u00e8te et construira un m\u00e9canisme moderne, notamment un syst\u00e8me am\u00e9lior\u00e9 de r\u00e9compense et de punition, un environnement de travail propre et organis\u00e9 pour assurer le bonheur et la s\u00e9curit\u00e9 de tous les travailleurs.<\/p>","protected":false},"excerpt":{"rendered":"<p>1. About KDM KDM Steel is a leading supplier of electrical enclosures. We have built our experience through trial and error, pushing our manufacturing skills to the top of the game for more than 10 years. Now, KDM Steel is the #1 choice when it comes to electrical enclosures and we are not afraid to [&hellip;]<\/p>\n","protected":false},"author":1,"featured_media":0,"parent":0,"menu_order":0,"comment_status":"closed","ping_status":"closed","template":"","meta":{"_acf_changed":false,"site-sidebar-layout":"default","site-content-layout":"default","ast-site-content-layout":"default","site-content-style":"default","site-sidebar-style":"default","ast-global-header-display":"","ast-banner-title-visibility":"","ast-main-header-display":"","ast-hfb-above-header-display":"","ast-hfb-below-header-display":"","ast-hfb-mobile-header-display":"","site-post-title":"disabled","ast-breadcrumbs-content":"","ast-featured-img":"disabled","footer-sml-layout":"","ast-disable-related-posts":"","theme-transparent-header-meta":"default","adv-header-id-meta":null,"stick-header-meta":"default","header-above-stick-meta":null,"header-main-stick-meta":"","header-below-stick-meta":null,"astra-migrate-meta-layouts":"default","ast-page-background-enabled":"default","ast-page-background-meta":{"desktop":{"background-color":"","background-image":"","background-repeat":"repeat","background-position":"center center","background-size":"auto","background-attachment":"scroll","background-type":"","background-media":"","overlay-type":"","overlay-color":"","overlay-opacity":"","overlay-gradient":""},"tablet":{"background-color":"","background-image":"","background-repeat":"repeat","background-position":"center center","background-size":"auto","background-attachment":"scroll","background-type":"","background-media":"","overlay-type":"","overlay-color":"","overlay-opacity":"","overlay-gradient":""},"mobile":{"background-color":"","background-image":"","background-repeat":"repeat","background-position":"center center","background-size":"auto","background-attachment":"scroll","background-type":"","background-media":"","overlay-type":"","overlay-color":"","overlay-opacity":"","overlay-gradient":""}},"ast-content-background-meta":{"desktop":{"background-color":"var(--ast-global-color-5)","background-image":"","background-repeat":"repeat","background-position":"center center","background-size":"auto","background-attachment":"scroll","background-type":"","background-media":"","overlay-type":"","overlay-color":"","overlay-opacity":"","overlay-gradient":""},"tablet":{"background-color":"var(--ast-global-color-5)","background-image":"","background-repeat":"repeat","background-position":"center center","background-size":"auto","background-attachment":"scroll","background-type":"","background-media":"","overlay-type":"","overlay-color":"","overlay-opacity":"","overlay-gradient":""},"mobile":{"background-color":"var(--ast-global-color-5)","background-image":"","background-repeat":"repeat","background-position":"center center","background-size":"auto","background-attachment":"scroll","background-type":"","background-media":"","overlay-type":"","overlay-color":"","overlay-opacity":"","overlay-gradient":""}},"footnotes":""},"class_list":["post-1032","page","type-page","status-publish","hentry"],"acf":[],"yoast_head":"<!-- This site is optimized with the Yoast SEO plugin v27.3 - https:\/\/yoast.com\/product\/yoast-seo-wordpress\/ -->\n<title>About us - KDM Steel<\/title>\n<meta name=\"robots\" content=\"index, follow, max-snippet:-1, max-image-preview:large, max-video-preview:-1\" \/>\n<link rel=\"canonical\" href=\"https:\/\/www.kdmsteel.com\/fr\/a-propos-de-nous\/\" \/>\n<meta property=\"og:locale\" content=\"fr_FR\" \/>\n<meta property=\"og:type\" content=\"article\" \/>\n<meta property=\"og:title\" content=\"About us - KDM Steel\" \/>\n<meta property=\"og:description\" content=\"1. About KDM KDM Steel is a leading supplier of electrical enclosures. We have built our experience through trial and error, pushing our manufacturing skills to the top of the game for more than 10 years. Now, KDM Steel is the #1 choice when it comes to electrical enclosures and we are not afraid to [&hellip;]\" \/>\n<meta property=\"og:url\" content=\"https:\/\/www.kdmsteel.com\/fr\/a-propos-de-nous\/\" \/>\n<meta property=\"og:site_name\" content=\"KDM Steel\" \/>\n<meta property=\"article:modified_time\" content=\"2021-08-20T09:51:35+00:00\" \/>\n<meta name=\"twitter:card\" content=\"summary_large_image\" \/>\n<meta name=\"twitter:label1\" content=\"Dur\u00e9e de lecture estim\u00e9e\" \/>\n\t<meta name=\"twitter:data1\" content=\"2 minutes\" \/>\n<script type=\"application\/ld+json\" class=\"yoast-schema-graph\">{\"@context\":\"https:\\\/\\\/schema.org\",\"@graph\":[{\"@type\":\"WebPage\",\"@id\":\"https:\\\/\\\/www.kdmsteel.com\\\/about-us\\\/\",\"url\":\"https:\\\/\\\/www.kdmsteel.com\\\/about-us\\\/\",\"name\":\"About us - KDM Steel\",\"isPartOf\":{\"@id\":\"https:\\\/\\\/www.kdmsteel.com\\\/#website\"},\"datePublished\":\"2019-05-06T05:52:43+00:00\",\"dateModified\":\"2021-08-20T09:51:35+00:00\",\"breadcrumb\":{\"@id\":\"https:\\\/\\\/www.kdmsteel.com\\\/about-us\\\/#breadcrumb\"},\"inLanguage\":\"fr-FR\",\"potentialAction\":[{\"@type\":\"ReadAction\",\"target\":[\"https:\\\/\\\/www.kdmsteel.com\\\/about-us\\\/\"]}]},{\"@type\":\"BreadcrumbList\",\"@id\":\"https:\\\/\\\/www.kdmsteel.com\\\/about-us\\\/#breadcrumb\",\"itemListElement\":[{\"@type\":\"ListItem\",\"position\":1,\"name\":\"Home\",\"item\":\"https:\\\/\\\/www.kdmsteel.com\\\/\"},{\"@type\":\"ListItem\",\"position\":2,\"name\":\"About us\"}]},{\"@type\":\"WebSite\",\"@id\":\"https:\\\/\\\/www.kdmsteel.com\\\/#website\",\"url\":\"https:\\\/\\\/www.kdmsteel.com\\\/\",\"name\":\"KDM Steel\",\"description\":\"\",\"publisher\":{\"@id\":\"https:\\\/\\\/www.kdmsteel.com\\\/#organization\"},\"potentialAction\":[{\"@type\":\"SearchAction\",\"target\":{\"@type\":\"EntryPoint\",\"urlTemplate\":\"https:\\\/\\\/www.kdmsteel.com\\\/?s={search_term_string}\"},\"query-input\":{\"@type\":\"PropertyValueSpecification\",\"valueRequired\":true,\"valueName\":\"search_term_string\"}}],\"inLanguage\":\"fr-FR\"},{\"@type\":\"Organization\",\"@id\":\"https:\\\/\\\/www.kdmsteel.com\\\/#organization\",\"name\":\"KDM Steel\",\"url\":\"https:\\\/\\\/www.kdmsteel.com\\\/\",\"logo\":{\"@type\":\"ImageObject\",\"inLanguage\":\"fr-FR\",\"@id\":\"https:\\\/\\\/www.kdmsteel.com\\\/#\\\/schema\\\/logo\\\/image\\\/\",\"url\":\"https:\\\/\\\/www.kdmsteel.com\\\/wp-content\\\/uploads\\\/2024\\\/05\\\/cropped-kdmsteel-logo.png\",\"contentUrl\":\"https:\\\/\\\/www.kdmsteel.com\\\/wp-content\\\/uploads\\\/2024\\\/05\\\/cropped-kdmsteel-logo.png\",\"width\":998,\"height\":535,\"caption\":\"KDM Steel\"},\"image\":{\"@id\":\"https:\\\/\\\/www.kdmsteel.com\\\/#\\\/schema\\\/logo\\\/image\\\/\"}}]}<\/script>\n<!-- \/ Yoast SEO plugin. -->","yoast_head_json":{"title":"\u00c0 propos de nous - KDM Steel","robots":{"index":"index","follow":"follow","max-snippet":"max-snippet:-1","max-image-preview":"max-image-preview:large","max-video-preview":"max-video-preview:-1"},"canonical":"https:\/\/www.kdmsteel.com\/fr\/a-propos-de-nous\/","og_locale":"fr_FR","og_type":"article","og_title":"About us - KDM Steel","og_description":"1. About KDM KDM Steel is a leading supplier of electrical enclosures. We have built our experience through trial and error, pushing our manufacturing skills to the top of the game for more than 10 years. Now, KDM Steel is the #1 choice when it comes to electrical enclosures and we are not afraid to [&hellip;]","og_url":"https:\/\/www.kdmsteel.com\/fr\/a-propos-de-nous\/","og_site_name":"KDM Steel","article_modified_time":"2021-08-20T09:51:35+00:00","twitter_card":"summary_large_image","twitter_misc":{"Dur\u00e9e de lecture estim\u00e9e":"2 minutes"},"schema":{"@context":"https:\/\/schema.org","@graph":[{"@type":"WebPage","@id":"https:\/\/www.kdmsteel.com\/about-us\/","url":"https:\/\/www.kdmsteel.com\/about-us\/","name":"\u00c0 propos de nous - KDM Steel","isPartOf":{"@id":"https:\/\/www.kdmsteel.com\/#website"},"datePublished":"2019-05-06T05:52:43+00:00","dateModified":"2021-08-20T09:51:35+00:00","breadcrumb":{"@id":"https:\/\/www.kdmsteel.com\/about-us\/#breadcrumb"},"inLanguage":"fr-FR","potentialAction":[{"@type":"ReadAction","target":["https:\/\/www.kdmsteel.com\/about-us\/"]}]},{"@type":"BreadcrumbList","@id":"https:\/\/www.kdmsteel.com\/about-us\/#breadcrumb","itemListElement":[{"@type":"ListItem","position":1,"name":"Home","item":"https:\/\/www.kdmsteel.com\/"},{"@type":"ListItem","position":2,"name":"About us"}]},{"@type":"WebSite","@id":"https:\/\/www.kdmsteel.com\/#website","url":"https:\/\/www.kdmsteel.com\/","name":"Acier KDM","description":"","publisher":{"@id":"https:\/\/www.kdmsteel.com\/#organization"},"potentialAction":[{"@type":"SearchAction","target":{"@type":"EntryPoint","urlTemplate":"https:\/\/www.kdmsteel.com\/?s={search_term_string}"},"query-input":{"@type":"PropertyValueSpecification","valueRequired":true,"valueName":"search_term_string"}}],"inLanguage":"fr-FR"},{"@type":"Organization","@id":"https:\/\/www.kdmsteel.com\/#organization","name":"Acier KDM","url":"https:\/\/www.kdmsteel.com\/","logo":{"@type":"ImageObject","inLanguage":"fr-FR","@id":"https:\/\/www.kdmsteel.com\/#\/schema\/logo\/image\/","url":"https:\/\/www.kdmsteel.com\/wp-content\/uploads\/2024\/05\/cropped-kdmsteel-logo.png","contentUrl":"https:\/\/www.kdmsteel.com\/wp-content\/uploads\/2024\/05\/cropped-kdmsteel-logo.png","width":998,"height":535,"caption":"KDM Steel"},"image":{"@id":"https:\/\/www.kdmsteel.com\/#\/schema\/logo\/image\/"}}]}},"_links":{"self":[{"href":"https:\/\/www.kdmsteel.com\/fr\/wp-json\/wp\/v2\/pages\/1032","targetHints":{"allow":["GET"]}}],"collection":[{"href":"https:\/\/www.kdmsteel.com\/fr\/wp-json\/wp\/v2\/pages"}],"about":[{"href":"https:\/\/www.kdmsteel.com\/fr\/wp-json\/wp\/v2\/types\/page"}],"author":[{"embeddable":true,"href":"https:\/\/www.kdmsteel.com\/fr\/wp-json\/wp\/v2\/users\/1"}],"replies":[{"embeddable":true,"href":"https:\/\/www.kdmsteel.com\/fr\/wp-json\/wp\/v2\/comments?post=1032"}],"version-history":[{"count":0,"href":"https:\/\/www.kdmsteel.com\/fr\/wp-json\/wp\/v2\/pages\/1032\/revisions"}],"wp:attachment":[{"href":"https:\/\/www.kdmsteel.com\/fr\/wp-json\/wp\/v2\/media?parent=1032"}],"curies":[{"name":"wp","href":"https:\/\/api.w.org\/{rel}","templated":true}]}}