{"id":1038,"date":"2019-05-07T12:29:30","date_gmt":"2019-05-07T12:29:30","guid":{"rendered":"http:\/\/www.kdmsteel.com\/?page_id=1038"},"modified":"2021-01-03T12:38:32","modified_gmt":"2021-01-03T12:38:32","slug":"kdm-electrical-enclosure-ip-66-certification","status":"publish","type":"page","link":"https:\/\/www.kdmsteel.com\/es\/certificacion-ip-66-de-la-caja-electrica-kdm\/","title":{"rendered":"Certificaci\u00f3n IP 66 de la caja el\u00e9ctrica KDM"},"content":{"rendered":"<p>Si su caja el\u00e9ctrica se utiliza en exteriores, la impermeabilidad es imprescindible. KDM fabrica cajas el\u00e9ctricas con un grado de protecci\u00f3n IP 55 a IP 68. A continuaci\u00f3n, se incluye una certificaci\u00f3n de la certificaci\u00f3n IP 66 de KDM.<\/p>\n<div class=\"text-center\"><embed src=\"\/wp-content\/uploads\/2019\/05\/KDM-IP-66-Certification.pdf\" width=\"900\" height=\"1100px\" \/><\/div>\n<div class=\"text-center paddTop20\"><b>Certificaci\u00f3n IP 66 de KDM<\/b><\/div>","protected":false},"excerpt":{"rendered":"<p>Si su caja el\u00e9ctrica se utiliza en exteriores, la impermeabilidad es imprescindible. KDM fabrica cajas el\u00e9ctricas con un grado de protecci\u00f3n IP 55 a IP 68. A continuaci\u00f3n, se incluye una certificaci\u00f3n de la certificaci\u00f3n IP 66 de KDM. Certificaci\u00f3n IP 66 de KDM<\/p>","protected":false},"author":1,"featured_media":0,"parent":0,"menu_order":0,"comment_status":"closed","ping_status":"closed","template":"","meta":{"_acf_changed":false,"site-sidebar-layout":"default","site-content-layout":"default","ast-site-content-layout":"default","site-content-style":"default","site-sidebar-style":"default","ast-global-header-display":"","ast-banner-title-visibility":"","ast-main-header-display":"","ast-hfb-above-header-display":"","ast-hfb-below-header-display":"","ast-hfb-mobile-header-display":"","site-post-title":"disabled","ast-breadcrumbs-content":"","ast-featured-img":"disabled","footer-sml-layout":"","ast-disable-related-posts":"","theme-transparent-header-meta":"default","adv-header-id-meta":null,"stick-header-meta":"default","header-above-stick-meta":null,"header-main-stick-meta":"","header-below-stick-meta":null,"astra-migrate-meta-layouts":"default","ast-page-background-enabled":"default","ast-page-background-meta":{"desktop":{"background-color":"","background-image":"","background-repeat":"repeat","background-position":"center center","background-size":"auto","background-attachment":"scroll","background-type":"","background-media":"","overlay-type":"","overlay-color":"","overlay-opacity":"","overlay-gradient":""},"tablet":{"background-color":"","background-image":"","background-repeat":"repeat","background-position":"center center","background-size":"auto","background-attachment":"scroll","background-type":"","background-media":"","overlay-type":"","overlay-color":"","overlay-opacity":"","overlay-gradient":""},"mobile":{"background-color":"","background-image":"","background-repeat":"repeat","background-position":"center center","background-size":"auto","background-attachment":"scroll","background-type":"","background-media":"","overlay-type":"","overlay-color":"","overlay-opacity":"","overlay-gradient":""}},"ast-content-background-meta":{"desktop":{"background-color":"var(--ast-global-color-5)","background-image":"","background-repeat":"repeat","background-position":"center center","background-size":"auto","background-attachment":"scroll","background-type":"","background-media":"","overlay-type":"","overlay-color":"","overlay-opacity":"","overlay-gradient":""},"tablet":{"background-color":"var(--ast-global-color-5)","background-image":"","background-repeat":"repeat","background-position":"center center","background-size":"auto","background-attachment":"scroll","background-type":"","background-media":"","overlay-type":"","overlay-color":"","overlay-opacity":"","overlay-gradient":""},"mobile":{"background-color":"var(--ast-global-color-5)","background-image":"","background-repeat":"repeat","background-position":"center center","background-size":"auto","background-attachment":"scroll","background-type":"","background-media":"","overlay-type":"","overlay-color":"","overlay-opacity":"","overlay-gradient":""}},"footnotes":""},"class_list":["post-1038","page","type-page","status-publish","hentry"],"acf":[],"yoast_head":"<!-- This site is optimized with the Yoast SEO plugin v27.3 - https:\/\/yoast.com\/product\/yoast-seo-wordpress\/ -->\n<title>KDM Electrical Enclosure IP 66 Certification - KDM Steel<\/title>\n<meta name=\"robots\" content=\"index, follow, max-snippet:-1, max-image-preview:large, max-video-preview:-1\" \/>\n<link rel=\"canonical\" href=\"https:\/\/www.kdmsteel.com\/es\/certificacion-ip-66-de-la-caja-electrica-kdm\/\" \/>\n<meta property=\"og:locale\" content=\"es_ES\" \/>\n<meta property=\"og:type\" content=\"article\" \/>\n<meta property=\"og:title\" content=\"KDM Electrical Enclosure IP 66 Certification - KDM Steel\" \/>\n<meta property=\"og:description\" content=\"If your electrical enclosure is used in outdoor, then waterproof is a must. KDM manufacture electrical cabinet from IP 55 to IP 68. And below is a certification of KDM IP 66 certification. KDM IP 66 Certification\" \/>\n<meta property=\"og:url\" content=\"https:\/\/www.kdmsteel.com\/es\/certificacion-ip-66-de-la-caja-electrica-kdm\/\" \/>\n<meta property=\"og:site_name\" content=\"KDM Steel\" \/>\n<meta property=\"article:modified_time\" content=\"2021-01-03T12:38:32+00:00\" \/>\n<meta name=\"twitter:card\" content=\"summary_large_image\" \/>\n<script type=\"application\/ld+json\" class=\"yoast-schema-graph\">{\"@context\":\"https:\\\/\\\/schema.org\",\"@graph\":[{\"@type\":\"WebPage\",\"@id\":\"https:\\\/\\\/www.kdmsteel.com\\\/kdm-electrical-enclosure-ip-66-certification\\\/\",\"url\":\"https:\\\/\\\/www.kdmsteel.com\\\/kdm-electrical-enclosure-ip-66-certification\\\/\",\"name\":\"KDM Electrical Enclosure IP 66 Certification - KDM Steel\",\"isPartOf\":{\"@id\":\"https:\\\/\\\/www.kdmsteel.com\\\/#website\"},\"datePublished\":\"2019-05-07T12:29:30+00:00\",\"dateModified\":\"2021-01-03T12:38:32+00:00\",\"breadcrumb\":{\"@id\":\"https:\\\/\\\/www.kdmsteel.com\\\/kdm-electrical-enclosure-ip-66-certification\\\/#breadcrumb\"},\"inLanguage\":\"es\",\"potentialAction\":[{\"@type\":\"ReadAction\",\"target\":[\"https:\\\/\\\/www.kdmsteel.com\\\/kdm-electrical-enclosure-ip-66-certification\\\/\"]}]},{\"@type\":\"BreadcrumbList\",\"@id\":\"https:\\\/\\\/www.kdmsteel.com\\\/kdm-electrical-enclosure-ip-66-certification\\\/#breadcrumb\",\"itemListElement\":[{\"@type\":\"ListItem\",\"position\":1,\"name\":\"Home\",\"item\":\"https:\\\/\\\/www.kdmsteel.com\\\/\"},{\"@type\":\"ListItem\",\"position\":2,\"name\":\"KDM Electrical Enclosure IP 66 Certification\"}]},{\"@type\":\"WebSite\",\"@id\":\"https:\\\/\\\/www.kdmsteel.com\\\/#website\",\"url\":\"https:\\\/\\\/www.kdmsteel.com\\\/\",\"name\":\"KDM Steel\",\"description\":\"\",\"publisher\":{\"@id\":\"https:\\\/\\\/www.kdmsteel.com\\\/#organization\"},\"potentialAction\":[{\"@type\":\"SearchAction\",\"target\":{\"@type\":\"EntryPoint\",\"urlTemplate\":\"https:\\\/\\\/www.kdmsteel.com\\\/?s={search_term_string}\"},\"query-input\":{\"@type\":\"PropertyValueSpecification\",\"valueRequired\":true,\"valueName\":\"search_term_string\"}}],\"inLanguage\":\"es\"},{\"@type\":\"Organization\",\"@id\":\"https:\\\/\\\/www.kdmsteel.com\\\/#organization\",\"name\":\"KDM Steel\",\"url\":\"https:\\\/\\\/www.kdmsteel.com\\\/\",\"logo\":{\"@type\":\"ImageObject\",\"inLanguage\":\"es\",\"@id\":\"https:\\\/\\\/www.kdmsteel.com\\\/#\\\/schema\\\/logo\\\/image\\\/\",\"url\":\"https:\\\/\\\/www.kdmsteel.com\\\/wp-content\\\/uploads\\\/2024\\\/05\\\/cropped-kdmsteel-logo.png\",\"contentUrl\":\"https:\\\/\\\/www.kdmsteel.com\\\/wp-content\\\/uploads\\\/2024\\\/05\\\/cropped-kdmsteel-logo.png\",\"width\":998,\"height\":535,\"caption\":\"KDM Steel\"},\"image\":{\"@id\":\"https:\\\/\\\/www.kdmsteel.com\\\/#\\\/schema\\\/logo\\\/image\\\/\"}}]}<\/script>\n<!-- \/ Yoast SEO plugin. -->","yoast_head_json":{"title":"Certificaci\u00f3n IP 66 de la caja el\u00e9ctrica KDM - KDM Steel","robots":{"index":"index","follow":"follow","max-snippet":"max-snippet:-1","max-image-preview":"max-image-preview:large","max-video-preview":"max-video-preview:-1"},"canonical":"https:\/\/www.kdmsteel.com\/es\/certificacion-ip-66-de-la-caja-electrica-kdm\/","og_locale":"es_ES","og_type":"article","og_title":"KDM Electrical Enclosure IP 66 Certification - KDM Steel","og_description":"If your electrical enclosure is used in outdoor, then waterproof is a must. KDM manufacture electrical cabinet from IP 55 to IP 68. And below is a certification of KDM IP 66 certification. KDM IP 66 Certification","og_url":"https:\/\/www.kdmsteel.com\/es\/certificacion-ip-66-de-la-caja-electrica-kdm\/","og_site_name":"KDM Steel","article_modified_time":"2021-01-03T12:38:32+00:00","twitter_card":"summary_large_image","schema":{"@context":"https:\/\/schema.org","@graph":[{"@type":"WebPage","@id":"https:\/\/www.kdmsteel.com\/kdm-electrical-enclosure-ip-66-certification\/","url":"https:\/\/www.kdmsteel.com\/kdm-electrical-enclosure-ip-66-certification\/","name":"Certificaci\u00f3n IP 66 de la caja el\u00e9ctrica KDM - KDM Steel","isPartOf":{"@id":"https:\/\/www.kdmsteel.com\/#website"},"datePublished":"2019-05-07T12:29:30+00:00","dateModified":"2021-01-03T12:38:32+00:00","breadcrumb":{"@id":"https:\/\/www.kdmsteel.com\/kdm-electrical-enclosure-ip-66-certification\/#breadcrumb"},"inLanguage":"es","potentialAction":[{"@type":"ReadAction","target":["https:\/\/www.kdmsteel.com\/kdm-electrical-enclosure-ip-66-certification\/"]}]},{"@type":"BreadcrumbList","@id":"https:\/\/www.kdmsteel.com\/kdm-electrical-enclosure-ip-66-certification\/#breadcrumb","itemListElement":[{"@type":"ListItem","position":1,"name":"Home","item":"https:\/\/www.kdmsteel.com\/"},{"@type":"ListItem","position":2,"name":"KDM Electrical Enclosure IP 66 Certification"}]},{"@type":"WebSite","@id":"https:\/\/www.kdmsteel.com\/#website","url":"https:\/\/www.kdmsteel.com\/","name":"Acero KDM","description":"","publisher":{"@id":"https:\/\/www.kdmsteel.com\/#organization"},"potentialAction":[{"@type":"SearchAction","target":{"@type":"EntryPoint","urlTemplate":"https:\/\/www.kdmsteel.com\/?s={search_term_string}"},"query-input":{"@type":"PropertyValueSpecification","valueRequired":true,"valueName":"search_term_string"}}],"inLanguage":"es"},{"@type":"Organization","@id":"https:\/\/www.kdmsteel.com\/#organization","name":"Acero KDM","url":"https:\/\/www.kdmsteel.com\/","logo":{"@type":"ImageObject","inLanguage":"es","@id":"https:\/\/www.kdmsteel.com\/#\/schema\/logo\/image\/","url":"https:\/\/www.kdmsteel.com\/wp-content\/uploads\/2024\/05\/cropped-kdmsteel-logo.png","contentUrl":"https:\/\/www.kdmsteel.com\/wp-content\/uploads\/2024\/05\/cropped-kdmsteel-logo.png","width":998,"height":535,"caption":"KDM Steel"},"image":{"@id":"https:\/\/www.kdmsteel.com\/#\/schema\/logo\/image\/"}}]}},"_links":{"self":[{"href":"https:\/\/www.kdmsteel.com\/es\/wp-json\/wp\/v2\/pages\/1038","targetHints":{"allow":["GET"]}}],"collection":[{"href":"https:\/\/www.kdmsteel.com\/es\/wp-json\/wp\/v2\/pages"}],"about":[{"href":"https:\/\/www.kdmsteel.com\/es\/wp-json\/wp\/v2\/types\/page"}],"author":[{"embeddable":true,"href":"https:\/\/www.kdmsteel.com\/es\/wp-json\/wp\/v2\/users\/1"}],"replies":[{"embeddable":true,"href":"https:\/\/www.kdmsteel.com\/es\/wp-json\/wp\/v2\/comments?post=1038"}],"version-history":[{"count":0,"href":"https:\/\/www.kdmsteel.com\/es\/wp-json\/wp\/v2\/pages\/1038\/revisions"}],"wp:attachment":[{"href":"https:\/\/www.kdmsteel.com\/es\/wp-json\/wp\/v2\/media?parent=1038"}],"curies":[{"name":"wp","href":"https:\/\/api.w.org\/{rel}","templated":true}]}}